{"id":12103,"date":"2017-03-08T11:38:14","date_gmt":"2017-03-08T10:38:14","guid":{"rendered":"https:\/\/www.pearlofpefki.com\/lambiente\/"},"modified":"2023-09-07T12:54:56","modified_gmt":"2023-09-07T10:54:56","slug":"lambiente","status":"publish","type":"page","link":"https:\/\/www.pearlofpefki.com\/it\/lambiente\/","title":{"rendered":"L&#8217;ambiente"},"content":{"rendered":"\t\t<div data-elementor-type=\"wp-page\" data-elementor-id=\"12103\" class=\"elementor elementor-12103 elementor-12\" data-elementor-post-type=\"page\">\n\t\t\t\t\t\t<section class=\"elementor-section elementor-top-section elementor-element elementor-element-49d3ed4 elementor-section-height-min-height elementor-section-boxed elementor-section-height-default elementor-section-items-middle\" data-id=\"49d3ed4\" data-element_type=\"section\" data-e-type=\"section\" data-settings=\"{&quot;background_background&quot;:&quot;classic&quot;}\">\n\t\t\t\t\t\t<div class=\"elementor-container elementor-column-gap-default\">\n\t\t\t\t\t<div class=\"elementor-column elementor-col-100 elementor-top-column elementor-element elementor-element-a0575b6\" data-id=\"a0575b6\" data-element_type=\"column\" data-e-type=\"column\">\n\t\t\t<div class=\"elementor-widget-wrap elementor-element-populated\">\n\t\t\t\t\t\t<div class=\"elementor-element elementor-element-d33ae1f elementor-widget elementor-widget-shortcode\" data-id=\"d33ae1f\" data-element_type=\"widget\" data-e-type=\"widget\" data-widget_type=\"shortcode.default\">\n\t\t\t\t<div class=\"elementor-widget-container\">\n\t\t\t\t\t\t\t<div class=\"elementor-shortcode\"><div class=\"pefkimap-popover\" id=\"pefki-popover\"><div class=\"popover-bg\" onClick=\"closePopOver();\"><\/div><div class=\"popover-paneel\"><a href=\"javascript:void(0);\" class=\"close-button\" onClick=\"closePopOver();\"><span class=\"fas fa-times\"><\/span><\/a><div class=\"popover-content\">Test<\/div><div class=\"bottom-gradient\"><\/div><\/div><\/div><div class=\"pefkimap\"><h2>L'ambiente<\/h2><h3>Fare clic sul pin per maggiori informazioni<\/h3><div class=\"pefkimap-container\"><img decoding=\"async\" src=\"https:\/\/www.pearlofpefki.com\/wp-content\/uploads\/Kaart-Rhodos.jpg\" class=\"pefkimap-kaart\"\/><a href=\"javascript:void(0);\" onClick=\"openPopOver('1')\" class=\"pefkimap-button \" \r\n\t\t\t\t\tstyle=\"top:8%; left:88%;\"><i class=\"fas fa-map-marker-alt\"><\/i><div class=\"pefkimap-label pefkimap-label-rechts\">\r\n\t\t\t\t\tCitt\u00e0 vecchia di Rodi<\/div><\/a><a href=\"javascript:void(0);\" onClick=\"openPopOver('2')\" class=\"pefkimap-button \" \r\n\t\t\t\t\tstyle=\"top:10%; left:84%;\"><i class=\"fas fa-map-marker-alt\"><\/i><div class=\"pefkimap-label pefkimap-label-links\">\r\n\t\t\t\t\tBikini Beach Bar<\/div><\/a><a href=\"javascript:void(0);\" onClick=\"openPopOver('3')\" class=\"pefkimap-button \" \r\n\t\t\t\t\tstyle=\"top:13.6%; left:91.5%;\"><i class=\"fas fa-map-marker-alt\"><\/i><div class=\"pefkimap-label pefkimap-label-rechts\">\r\n\t\t\t\t\tAcropoli di Rodi<\/div><\/a><a href=\"javascript:void(0);\" onClick=\"openPopOver('4')\" class=\"pefkimap-button \" \r\n\t\t\t\t\tstyle=\"top:18.6%; left:60.8%;\"><i class=\"fas fa-map-marker-alt\"><\/i><div class=\"pefkimap-label pefkimap-label-links\">\r\n\t\t\t\t\tAeroporto di Rodi<\/div><\/a><a href=\"javascript:void(0);\" onClick=\"openPopOver('5')\" class=\"pefkimap-button \" \r\n\t\t\t\t\tstyle=\"top:22.8%; left:60.8%;\"><i class=\"fas fa-map-marker-alt\"><\/i><div class=\"pefkimap-label pefkimap-label-rechts\">\r\n\t\t\t\t\tValle delle farfalle<\/div><\/a><a href=\"javascript:void(0);\" onClick=\"openPopOver('6')\" class=\"pefkimap-button \" \r\n\t\t\t\t\tstyle=\"top:25.6%; left:36.8%;\"><i class=\"fas fa-map-marker-alt\"><\/i><div class=\"pefkimap-label pefkimap-label-links\">\r\n\t\t\t\t\tKameiros<\/div><\/a><a href=\"javascript:void(0);\" onClick=\"openPopOver('7')\" class=\"pefkimap-button \" \r\n\t\t\t\t\tstyle=\"top:26.6%; left:86.5%;\"><i class=\"fas fa-map-marker-alt\"><\/i><div class=\"pefkimap-label pefkimap-label-rechts\">\r\n\t\t\t\t\tSorgenti di Kalithea<\/div><\/a><a href=\"javascript:void(0);\" onClick=\"openPopOver('8')\" class=\"pefkimap-button \" \r\n\t\t\t\t\tstyle=\"top:36.5%; left:77.5%;\"><i class=\"fas fa-map-marker-alt\"><\/i><div class=\"pefkimap-label pefkimap-label-rechts\">\r\n\t\t\t\t\tSette fonti<\/div><\/a><a href=\"javascript:void(0);\" onClick=\"openPopOver('9')\" class=\"pefkimap-button \" \r\n\t\t\t\t\tstyle=\"top:40.5%; left:80.5%;\"><i class=\"fas fa-map-marker-alt\"><\/i><div class=\"pefkimap-label pefkimap-label-rechts\">\r\n\t\t\t\t\tSpiaggia di Tsambika<\/div><\/a><a href=\"javascript:void(0);\" onClick=\"openPopOver('10')\" class=\"pefkimap-button \" \r\n\t\t\t\t\tstyle=\"top:40.5%; left:21.4%;\"><i class=\"fas fa-map-marker-alt\"><\/i><div class=\"pefkimap-label pefkimap-label-links\">\r\n\t\t\t\t\tSpiaggia di Kopria<\/div><\/a><a href=\"javascript:void(0);\" onClick=\"openPopOver('11')\" class=\"pefkimap-button \" \r\n\t\t\t\t\tstyle=\"top:45.5%; left:19%;\"><i class=\"fas fa-map-marker-alt\"><\/i><div class=\"pefkimap-label pefkimap-label-links\">\r\n\t\t\t\t\tCastello di Kritinia<\/div><\/a><a href=\"javascript:void(0);\" onClick=\"openPopOver('12')\" class=\"pefkimap-button \" \r\n\t\t\t\t\tstyle=\"top:57.5%; left:66%;\"><i class=\"fas fa-map-marker-alt\"><\/i><div class=\"pefkimap-label pefkimap-label-rechts\">\r\n\t\t\t\t\tKalathos<\/div><\/a><a href=\"javascript:void(0);\" onClick=\"openPopOver('13')\" class=\"pefkimap-button \" \r\n\t\t\t\t\tstyle=\"top:61.5%; left:66.1%;\"><i class=\"fas fa-map-marker-alt\"><\/i><div class=\"pefkimap-label pefkimap-label-links\">\r\n\t\t\t\t\tLindos<\/div><\/a><a href=\"javascript:void(0);\" onClick=\"openPopOver('14')\" class=\"pefkimap-button pefkimap-button-groot\" \r\n\t\t\t\t\tstyle=\"top:66.6%; left:66.1%;\"><i class=\"fas fa-map-marker-alt\"><\/i><div class=\"pefkimap-label pefkimap-label-rechts\">\r\n\t\t\t\t\tPerla di Pefki<\/div><\/a><a href=\"javascript:void(0);\" onClick=\"openPopOver('15')\" class=\"pefkimap-button \" \r\n\t\t\t\t\tstyle=\"top:66.4%; left:62.4%;\"><i class=\"fas fa-map-marker-alt\"><\/i><div class=\"pefkimap-label pefkimap-label-links\">\r\n\t\t\t\t\tSpiaggia di Lee<\/div><\/a><a href=\"javascript:void(0);\" onClick=\"openPopOver('16')\" class=\"pefkimap-button \" \r\n\t\t\t\t\tstyle=\"top:72.4%; left:45.1%;\"><i class=\"fas fa-map-marker-alt\"><\/i><div class=\"pefkimap-label pefkimap-label-links\">\r\n\t\t\t\t\tGennadi<\/div><\/a><a href=\"javascript:void(0);\" onClick=\"openPopOver('17')\" class=\"pefkimap-button \" \r\n\t\t\t\t\tstyle=\"top:97.1%; left:16.5%;\"><i class=\"fas fa-map-marker-alt\"><\/i><div class=\"pefkimap-label pefkimap-label-rechts\">\r\n\t\t\t\t\tPrasonisi<\/div><\/a><\/div><\/div><div class=\"popover-contents\"><div id=\"perfki-popover-1\"><img decoding=\"async\" src=\"https:\/\/www.pearlofpefki.com\/wp-content\/uploads\/Rhodos-town.jpg\" class=\"popover-paneel-image\" onClick=\"closePopOver();\"\/><div class=\"popover-paneel-inner\"><h3>Rodi citt\u00e0<\/h3><h4><i class=\"fas fa-car\"><\/i> 40 min. dalla villa<\/h4><br\/><p>La citt\u00e0 vecchia di Rodi \u00e8 una sezione con edifici e mura medievali, un luogo assolutamente da non perdere con musei, ristoranti accoglienti, bei negozi, questo si trova proprio accanto alla moderna area commerciale.<\/p>\n<\/div><\/div><div id=\"perfki-popover-2\"><img decoding=\"async\" src=\"https:\/\/www.pearlofpefki.com\/wp-content\/uploads\/Bikini-Beach.jpg\" class=\"popover-paneel-image\" onClick=\"closePopOver();\"\/><div class=\"popover-paneel-inner\"><h3>Ilalisos<\/h3><h4><i class=\"fas fa-car\"><\/i> 60 min. dalla villa<\/h4><br\/><p>Un bel posto affacciato sulla costa della citt\u00e0 di Rodi per bere o fare uno spuntino. Adatto per un&#8217;intera giornata di relax su un lettino da spiaggia (spiaggia di ciottoli), come per una breve pausa. Ci si immagina davvero altrove per un po&#8217;. Servizio presso il vostro lettino da spiaggia.<\/p>\n<\/div><\/div><div id=\"perfki-popover-3\"><img decoding=\"async\" src=\"https:\/\/www.pearlofpefki.com\/wp-content\/uploads\/Acrapolis-Rhodes.jpg\" class=\"popover-paneel-image\" onClick=\"closePopOver();\"\/><div class=\"popover-paneel-inner\"><h3>Acropoli di Rodi<\/h3><h4><i class=\"fas fa-car\"><\/i> 45 min. dalla villa<\/h4><br\/><p>Famose rovine di un antico insediamento con diverse strutture, tra cui uno stadio e un teatro. Ottimo da combinare prima o dopo la visita alla citt\u00e0.<\/p>\n<\/div><\/div><div id=\"perfki-popover-4\"><img decoding=\"async\" src=\"https:\/\/www.pearlofpefki.com\/wp-content\/uploads\/Airport.jpg\" class=\"popover-paneel-image\" onClick=\"closePopOver();\"\/><div class=\"popover-paneel-inner\"><h3>Aeroporto di Rodi Diagoras<\/h3><h4><i class=\"fas fa-car\"><\/i> 40 min. dalla villa<\/h4><br\/><p>Il vostro punto di arrivo e di partenza!<\/p>\n<\/div><\/div><div id=\"perfki-popover-5\"><img decoding=\"async\" src=\"https:\/\/www.pearlofpefki.com\/wp-content\/uploads\/Vlindervallei.jpg\" class=\"popover-paneel-image\" onClick=\"closePopOver();\"\/><div class=\"popover-paneel-inner\"><h3>Valle delle farfalle<\/h3><h4><i class=\"fas fa-car\"><\/i> 60 min. dalla villa<\/h4><br\/><p>Bellissima riserva naturale con ruscelli, cascate e ponti. Nei mesi di giugno, luglio e agosto, potrete ammirare migliaia di farfalle e rinfrescarvi per un po&#8217;. La passeggiata attraverso la riserva naturale \u00e8 di circa 3 km, non difficile, ma \u00e8 necessario avere una buona mobilit\u00e0.<\/p>\n<\/div><\/div><div id=\"perfki-popover-6\"><img decoding=\"async\" src=\"https:\/\/www.pearlofpefki.com\/wp-content\/uploads\/Kamiros.jpg\" class=\"popover-paneel-image\" onClick=\"closePopOver();\"\/><div class=\"popover-paneel-inner\"><h3>Kameiros<\/h3><h4><i class=\"fas fa-car\"><\/i> 70 min. dalla villa<\/h4><br\/><p>La citt\u00e0, abbandonata nel II secolo, \u00e8 stata oggetto di scavi da parte degli archeologi a partire dal 1852, che ne hanno garantito il lento recupero. Cos\u00ec in questi giorni, camminando di nuovo per le strade, il tempio di Apollo \u00e8 la prima cosa visibile, quando si entra a Kameiros.<\/p>\n<\/div><\/div><div id=\"perfki-popover-7\"><img decoding=\"async\" src=\"https:\/\/www.pearlofpefki.com\/wp-content\/uploads\/Kalithea-Springs.jpg\" class=\"popover-paneel-image\" onClick=\"closePopOver();\"\/><div class=\"popover-paneel-inner\"><h3>Sorgenti di Kalithea<\/h3><h4><i class=\"fas fa-car\"><\/i> 30 min. dalla villa<\/h4><br\/><p>Splendida baia, con bellissime strutture e viste fantastiche combinate con letti di lusso con servizio. Arrivate in tempo, altrimenti i posti migliori sono gi\u00e0 occupati.<\/p>\n<\/div><\/div><div id=\"perfki-popover-8\"><img decoding=\"async\" src=\"https:\/\/www.pearlofpefki.com\/wp-content\/uploads\/Zeven-bronnen.jpg\" class=\"popover-paneel-image\" onClick=\"closePopOver();\"\/><div class=\"popover-paneel-inner\"><h3>Sette fonti<\/h3><h4><i class=\"fas fa-car\"><\/i> 35 min. dalla villa<\/h4><br\/><p>Bellissimo pezzo di riserva naturale con acqua pura proveniente dalle sorgenti. Divertente passeggiata avventurosa da fare insieme (anche per i bambini), che prevede un po&#8217; di arrampicata e di scalate.<\/p>\n<\/div><\/div><div id=\"perfki-popover-9\"><img decoding=\"async\" src=\"https:\/\/www.pearlofpefki.com\/wp-content\/uploads\/Tsampika.jpg\" class=\"popover-paneel-image\" onClick=\"closePopOver();\"\/><div class=\"popover-paneel-inner\"><h3>Spiaggia di Tsambika<\/h3><h4><i class=\"fas fa-car\"><\/i> 35 min. dalla villa<\/h4><br\/><p>Una delle pi\u00f9 belle spiagge di sabbia per un giorno. Cibo, bevande, noleggio di barche, divertimento in acqua, tutto insieme. Il parcheggio \u00e8 disponibile lungo tutta la spiaggia, la scelta pi\u00f9 difficile \u00e8 quella del bar sulla spiaggia dove sedersi. All&#8217;estremit\u00e0 della spiaggia si trova la spiaggia designata per la ricreazione dei nudisti.<\/p>\n<\/div><\/div><div id=\"perfki-popover-10\"><img decoding=\"async\" src=\"https:\/\/www.pearlofpefki.com\/wp-content\/uploads\/Kopria-Beach.jpg\" class=\"popover-paneel-image\" onClick=\"closePopOver();\"\/><div class=\"popover-paneel-inner\"><h3>Spiaggia di Kopria<\/h3><h4><i class=\"fas fa-car\"><\/i> 70 min. dalla villa<\/h4><br\/><p>Un giorno in piedi, ma solo un po&#8217; diverso? Una piccola baia (con un numero limitato di lettini) per la quale bisogna salire alcuni gradini, ma \u00e8 presente un bistrot<\/p>\n<\/div><\/div><div id=\"perfki-popover-11\"><img decoding=\"async\" src=\"https:\/\/www.pearlofpefki.com\/wp-content\/uploads\/Kritinia-Castle.jpg\" class=\"popover-paneel-image\" onClick=\"closePopOver();\"\/><div class=\"popover-paneel-inner\"><h3>Castello di Kritinia<\/h3><h4><i class=\"fas fa-car\"><\/i> 70 min. dalla villa<\/h4><br\/><p>Il castello, ben conservato, fu costruito nel 1472 per proteggere gli abitanti dagli attacchi ed \u00e8 raggiungibile attraverso una stretta strada asfaltata. Da qui si gode di una vista pazzesca sulla costa occidentale di Rodi. Qui ci si pu\u00f2 accomodare anche su una terrazza.<\/p>\n<\/div><\/div><div id=\"perfki-popover-12\"><img decoding=\"async\" src=\"https:\/\/www.pearlofpefki.com\/wp-content\/uploads\/Kalathos.jpg\" class=\"popover-paneel-image\" onClick=\"closePopOver();\"\/><div class=\"popover-paneel-inner\"><h3>Kalathos<\/h3><h4><i class=\"fas fa-car\"><\/i> 10 min. dalla villa<\/h4><br\/><p>Kalathos \u00e8 una localit\u00e0 balneare sulla costa orientale di Rodi.\u00a0Molti turisti trascorrono qui le loro vacanze, poich\u00e9 la sua posizione centrale la rende un&#8217;ottima base per esplorare l&#8217;isola partendo da un soggiorno in un resort di lusso, il villaggio in s\u00e9 non ha un vero e proprio centro.\u00a0Kalathos si trova un po&#8217; pi\u00f9 in alto sulla collina e si affaccia sull&#8217;omonima spiaggia, una grande spiaggia lunga quasi 4 km e ricoperta di ciottoli e spiaggia.\u00a0In parte \u00e8 organizzata con una taverna e lettini con ombrelloni.<\/p>\n<\/div><\/div><div id=\"perfki-popover-13\"><img decoding=\"async\" src=\"https:\/\/www.pearlofpefki.com\/wp-content\/uploads\/Lindos.jpg\" class=\"popover-paneel-image\" onClick=\"closePopOver();\"\/><div class=\"popover-paneel-inner\"><h3>Lindos<\/h3><h4><i class=\"fas fa-car\"><\/i> 10 min. dalla villa<\/h4><br\/><p>La citt\u00e0 bianca con la sua bella acropoli, le sue belle stradine e le sue spiagge. Un boccone e un drink in un bar o in un&#8217;atmosfera tradizionale sono altamente raccomandati, con un taxi che vi porter\u00e0 e vi riporter\u00e0 indietro in pochissimo tempo e non dovrete preoccuparvi del parcheggio.<br \/>\nAltrimenti, andate presto, quando potete ancora parcheggiare facilmente la vostra auto, cosa che diventer\u00e0 laboriosa nel corso della giornata.<\/p>\n<\/div><\/div><div id=\"perfki-popover-14\"><img decoding=\"async\" src=\"https:\/\/www.pearlofpefki.com\/wp-content\/uploads\/pearl-of-pefki.jpg\" class=\"popover-paneel-image\" onClick=\"closePopOver();\"\/><div class=\"popover-paneel-inner\"><h3>Pefkos e la vila<\/h3><p>La vostra base per questa vacanza!<\/p>\n<p>Il villaggio natale della Perla di Pefki&#8217;. Troverete una spiaggia, negozi, una panetteria con pane e dolci molto gustosi, numerosi ristoranti e bar.<\/p>\n<\/div><\/div><div id=\"perfki-popover-15\"><img decoding=\"async\" src=\"https:\/\/www.pearlofpefki.com\/wp-content\/uploads\/Lee-Beach.jpg\" class=\"popover-paneel-image\" onClick=\"closePopOver();\"\/><div class=\"popover-paneel-inner\"><h3>Spiaggia di Lee<\/h3><h4><i class=\"fas fa-car\"><\/i> 7 min. dalla villa<\/h4><br\/><p>La spiaggia principale di Pefkos, con il vicino Lee Beach Bar, \u00e8 raggiungibile a piedi, quindi per bere e mangiare qualcosa, fortunatamente non dovrete andare lontano. La strada che porta alla spiaggia \u00e8 ricca di ristoranti e negozi, quindi c&#8217;\u00e8 molto da fare.<\/p>\n<\/div><\/div><div id=\"perfki-popover-16\"><img decoding=\"async\" src=\"https:\/\/www.pearlofpefki.com\/wp-content\/uploads\/Gennadi.jpg\" class=\"popover-paneel-image\" onClick=\"closePopOver();\"\/><div class=\"popover-paneel-inner\"><h3>Gennadi<\/h3><h4><i class=\"fas fa-car\"><\/i> 25 min. dalla villa<\/h4><br\/><p>Gennadi \u00e8 uno dei villaggi pi\u00f9 grandi dell&#8217;isola. Gennadi dista 20 km da Lindos e 60 km da Rodi.\u00a0Nel centro del paese e nei dintorni ci sono molti negozi, caff\u00e8 e ottimi ristoranti, hotel di ogni tipo e appartamenti.\u00a0Ci sono bellissime spiagge organizzate di sabbia o ghiaia e ci sono molte opportunit\u00e0 per praticare vari sport acquatici.<\/p>\n<\/div><\/div><div id=\"perfki-popover-17\"><img decoding=\"async\" src=\"https:\/\/www.pearlofpefki.com\/wp-content\/uploads\/Prasonissi.jpg\" class=\"popover-paneel-image\" onClick=\"closePopOver();\"\/><div class=\"popover-paneel-inner\"><h3>Prasonisi<\/h3><h4><i class=\"fas fa-car\"><\/i> 50 min. dalla villa<\/h4><br\/><p>Questa penisola \u00e8 incredibilmente popolare. L&#8217;isolotto \u00e8 collegato a Rodi attraverso una stretta striscia di sabbia nei mesi estivi. \u00c8 possibile nuotare su entrambi i lati. Molto amato anche dagli appassionati di sport acquatici.<br \/>\nstriscia sabbiosa collegata a Rodi. \u00c8 possibile nuotare su entrambi i lati.<br \/>\nMolto amato anche dagli appassionati di sport acquatici.<\/p>\n<\/div><\/div><\/div><\/div>\n\t\t\t\t\t\t<\/div>\n\t\t\t\t<\/div>\n\t\t\t\t\t<\/div>\n\t\t<\/div>\n\t\t\t\t\t<\/div>\n\t\t<\/section>\n\t\t\t\t<\/div>\n\t\t","protected":false},"excerpt":{"rendered":"","protected":false},"author":1,"featured_media":0,"parent":0,"menu_order":0,"comment_status":"closed","ping_status":"closed","template":"","meta":{"_acf_changed":false,"footnotes":""},"class_list":["post-12103","page","type-page","status-publish","hentry"],"acf":[],"yoast_head":"<!-- This site is optimized with the Yoast SEO plugin v27.4 - https:\/\/yoast.com\/product\/yoast-seo-wordpress\/ -->\n<title>L&#039;ambiente - Pearl of Pefki<\/title>\n<meta name=\"robots\" content=\"index, follow, max-snippet:-1, max-image-preview:large, max-video-preview:-1\" \/>\n<link rel=\"canonical\" href=\"https:\/\/www.pearlofpefki.com\/it\/lambiente\/\" \/>\n<meta property=\"og:locale\" content=\"it_IT\" \/>\n<meta property=\"og:type\" content=\"article\" \/>\n<meta property=\"og:title\" content=\"L&#039;ambiente - Pearl of Pefki\" \/>\n<meta property=\"og:url\" content=\"https:\/\/www.pearlofpefki.com\/it\/lambiente\/\" \/>\n<meta property=\"og:site_name\" content=\"Pearl of Pefki\" \/>\n<meta property=\"article:modified_time\" content=\"2023-09-07T10:54:56+00:00\" \/>\n<meta name=\"twitter:card\" content=\"summary_large_image\" \/>\n<meta name=\"twitter:label1\" content=\"Tempo di lettura stimato\" \/>\n\t<meta name=\"twitter:data1\" content=\"1 minuto\" \/>\n<script type=\"application\/ld+json\" class=\"yoast-schema-graph\">{\"@context\":\"https:\\\/\\\/schema.org\",\"@graph\":[{\"@type\":\"WebPage\",\"@id\":\"https:\\\/\\\/www.pearlofpefki.com\\\/it\\\/lambiente\\\/\",\"url\":\"https:\\\/\\\/www.pearlofpefki.com\\\/it\\\/lambiente\\\/\",\"name\":\"L'ambiente - Pearl of Pefki\",\"isPartOf\":{\"@id\":\"https:\\\/\\\/www.pearlofpefki.com\\\/#website\"},\"datePublished\":\"2017-03-08T10:38:14+00:00\",\"dateModified\":\"2023-09-07T10:54:56+00:00\",\"breadcrumb\":{\"@id\":\"https:\\\/\\\/www.pearlofpefki.com\\\/it\\\/lambiente\\\/#breadcrumb\"},\"inLanguage\":\"it-IT\",\"potentialAction\":[{\"@type\":\"ReadAction\",\"target\":[\"https:\\\/\\\/www.pearlofpefki.com\\\/it\\\/lambiente\\\/\"]}]},{\"@type\":\"BreadcrumbList\",\"@id\":\"https:\\\/\\\/www.pearlofpefki.com\\\/it\\\/lambiente\\\/#breadcrumb\",\"itemListElement\":[{\"@type\":\"ListItem\",\"position\":1,\"name\":\"Home\",\"item\":\"https:\\\/\\\/www.pearlofpefki.com\\\/el\\\/\"},{\"@type\":\"ListItem\",\"position\":2,\"name\":\"L&#8217;ambiente\"}]},{\"@type\":\"WebSite\",\"@id\":\"https:\\\/\\\/www.pearlofpefki.com\\\/#website\",\"url\":\"https:\\\/\\\/www.pearlofpefki.com\\\/\",\"name\":\"Pearl of Pefki\",\"description\":\"\",\"publisher\":{\"@id\":\"https:\\\/\\\/www.pearlofpefki.com\\\/#organization\"},\"potentialAction\":[{\"@type\":\"SearchAction\",\"target\":{\"@type\":\"EntryPoint\",\"urlTemplate\":\"https:\\\/\\\/www.pearlofpefki.com\\\/?s={search_term_string}\"},\"query-input\":{\"@type\":\"PropertyValueSpecification\",\"valueRequired\":true,\"valueName\":\"search_term_string\"}}],\"inLanguage\":\"it-IT\"},{\"@type\":\"Organization\",\"@id\":\"https:\\\/\\\/www.pearlofpefki.com\\\/#organization\",\"name\":\"Pearl of Pefki\",\"url\":\"https:\\\/\\\/www.pearlofpefki.com\\\/\",\"logo\":{\"@type\":\"ImageObject\",\"inLanguage\":\"it-IT\",\"@id\":\"https:\\\/\\\/www.pearlofpefki.com\\\/#\\\/schema\\\/logo\\\/image\\\/\",\"url\":\"https:\\\/\\\/www.pearlofpefki.com\\\/wp-content\\\/uploads\\\/logo-1.svg\",\"contentUrl\":\"https:\\\/\\\/www.pearlofpefki.com\\\/wp-content\\\/uploads\\\/logo-1.svg\",\"caption\":\"Pearl of Pefki\"},\"image\":{\"@id\":\"https:\\\/\\\/www.pearlofpefki.com\\\/#\\\/schema\\\/logo\\\/image\\\/\"}}]}<\/script>\n<!-- \/ Yoast SEO plugin. -->","yoast_head_json":{"title":"L'ambiente - Pearl of Pefki","robots":{"index":"index","follow":"follow","max-snippet":"max-snippet:-1","max-image-preview":"max-image-preview:large","max-video-preview":"max-video-preview:-1"},"canonical":"https:\/\/www.pearlofpefki.com\/it\/lambiente\/","og_locale":"it_IT","og_type":"article","og_title":"L'ambiente - Pearl of Pefki","og_url":"https:\/\/www.pearlofpefki.com\/it\/lambiente\/","og_site_name":"Pearl of Pefki","article_modified_time":"2023-09-07T10:54:56+00:00","twitter_card":"summary_large_image","twitter_misc":{"Tempo di lettura stimato":"1 minuto"},"schema":{"@context":"https:\/\/schema.org","@graph":[{"@type":"WebPage","@id":"https:\/\/www.pearlofpefki.com\/it\/lambiente\/","url":"https:\/\/www.pearlofpefki.com\/it\/lambiente\/","name":"L'ambiente - Pearl of Pefki","isPartOf":{"@id":"https:\/\/www.pearlofpefki.com\/#website"},"datePublished":"2017-03-08T10:38:14+00:00","dateModified":"2023-09-07T10:54:56+00:00","breadcrumb":{"@id":"https:\/\/www.pearlofpefki.com\/it\/lambiente\/#breadcrumb"},"inLanguage":"it-IT","potentialAction":[{"@type":"ReadAction","target":["https:\/\/www.pearlofpefki.com\/it\/lambiente\/"]}]},{"@type":"BreadcrumbList","@id":"https:\/\/www.pearlofpefki.com\/it\/lambiente\/#breadcrumb","itemListElement":[{"@type":"ListItem","position":1,"name":"Home","item":"https:\/\/www.pearlofpefki.com\/el\/"},{"@type":"ListItem","position":2,"name":"L&#8217;ambiente"}]},{"@type":"WebSite","@id":"https:\/\/www.pearlofpefki.com\/#website","url":"https:\/\/www.pearlofpefki.com\/","name":"Pearl of Pefki","description":"","publisher":{"@id":"https:\/\/www.pearlofpefki.com\/#organization"},"potentialAction":[{"@type":"SearchAction","target":{"@type":"EntryPoint","urlTemplate":"https:\/\/www.pearlofpefki.com\/?s={search_term_string}"},"query-input":{"@type":"PropertyValueSpecification","valueRequired":true,"valueName":"search_term_string"}}],"inLanguage":"it-IT"},{"@type":"Organization","@id":"https:\/\/www.pearlofpefki.com\/#organization","name":"Pearl of Pefki","url":"https:\/\/www.pearlofpefki.com\/","logo":{"@type":"ImageObject","inLanguage":"it-IT","@id":"https:\/\/www.pearlofpefki.com\/#\/schema\/logo\/image\/","url":"https:\/\/www.pearlofpefki.com\/wp-content\/uploads\/logo-1.svg","contentUrl":"https:\/\/www.pearlofpefki.com\/wp-content\/uploads\/logo-1.svg","caption":"Pearl of Pefki"},"image":{"@id":"https:\/\/www.pearlofpefki.com\/#\/schema\/logo\/image\/"}}]}},"_links":{"self":[{"href":"https:\/\/www.pearlofpefki.com\/it\/wp-json\/wp\/v2\/pages\/12103","targetHints":{"allow":["GET"]}}],"collection":[{"href":"https:\/\/www.pearlofpefki.com\/it\/wp-json\/wp\/v2\/pages"}],"about":[{"href":"https:\/\/www.pearlofpefki.com\/it\/wp-json\/wp\/v2\/types\/page"}],"author":[{"embeddable":true,"href":"https:\/\/www.pearlofpefki.com\/it\/wp-json\/wp\/v2\/users\/1"}],"replies":[{"embeddable":true,"href":"https:\/\/www.pearlofpefki.com\/it\/wp-json\/wp\/v2\/comments?post=12103"}],"version-history":[{"count":6,"href":"https:\/\/www.pearlofpefki.com\/it\/wp-json\/wp\/v2\/pages\/12103\/revisions"}],"predecessor-version":[{"id":12251,"href":"https:\/\/www.pearlofpefki.com\/it\/wp-json\/wp\/v2\/pages\/12103\/revisions\/12251"}],"wp:attachment":[{"href":"https:\/\/www.pearlofpefki.com\/it\/wp-json\/wp\/v2\/media?parent=12103"}],"curies":[{"name":"wp","href":"https:\/\/api.w.org\/{rel}","templated":true}]}}