{"id":12092,"date":"2017-03-08T11:38:14","date_gmt":"2017-03-08T10:38:14","guid":{"rendered":"https:\/\/www.pearlofpefki.com\/die-umgebung\/"},"modified":"2023-09-07T12:50:24","modified_gmt":"2023-09-07T10:50:24","slug":"die-umgebung","status":"publish","type":"page","link":"https:\/\/www.pearlofpefki.com\/de\/die-umgebung\/","title":{"rendered":"Die Umgebung"},"content":{"rendered":"\t\t<div data-elementor-type=\"wp-page\" data-elementor-id=\"12092\" class=\"elementor elementor-12092 elementor-12\" data-elementor-post-type=\"page\">\n\t\t\t\t\t\t<section class=\"elementor-section elementor-top-section elementor-element elementor-element-49d3ed4 elementor-section-height-min-height elementor-section-boxed elementor-section-height-default elementor-section-items-middle\" data-id=\"49d3ed4\" data-element_type=\"section\" data-e-type=\"section\" data-settings=\"{&quot;background_background&quot;:&quot;classic&quot;}\">\n\t\t\t\t\t\t<div class=\"elementor-container elementor-column-gap-default\">\n\t\t\t\t\t<div class=\"elementor-column elementor-col-100 elementor-top-column elementor-element elementor-element-a0575b6\" data-id=\"a0575b6\" data-element_type=\"column\" data-e-type=\"column\">\n\t\t\t<div class=\"elementor-widget-wrap elementor-element-populated\">\n\t\t\t\t\t\t<div class=\"elementor-element elementor-element-d33ae1f elementor-widget elementor-widget-shortcode\" data-id=\"d33ae1f\" data-element_type=\"widget\" data-e-type=\"widget\" data-widget_type=\"shortcode.default\">\n\t\t\t\t<div class=\"elementor-widget-container\">\n\t\t\t\t\t\t\t<div class=\"elementor-shortcode\"><div class=\"pefkimap-popover\" id=\"pefki-popover\"><div class=\"popover-bg\" onClick=\"closePopOver();\"><\/div><div class=\"popover-paneel\"><a href=\"javascript:void(0);\" class=\"close-button\" onClick=\"closePopOver();\"><span class=\"fas fa-times\"><\/span><\/a><div class=\"popover-content\">Test<\/div><div class=\"bottom-gradient\"><\/div><\/div><\/div><div class=\"pefkimap\"><h2>Die Umgebung<\/h2><h3>Mit einem Klick auf den Pin erhalten Sie weitere Informationen<\/h3><div class=\"pefkimap-container\"><img decoding=\"async\" src=\"https:\/\/www.pearlofpefki.com\/wp-content\/uploads\/Kaart-Rhodos.jpg\" class=\"pefkimap-kaart\"\/><a href=\"javascript:void(0);\" onClick=\"openPopOver('1')\" class=\"pefkimap-button \" \r\n\t\t\t\t\tstyle=\"top:8%; left:88%;\"><i class=\"fas fa-map-marker-alt\"><\/i><div class=\"pefkimap-label pefkimap-label-rechts\">\r\n\t\t\t\t\tAltstadt von Rhodos<\/div><\/a><a href=\"javascript:void(0);\" onClick=\"openPopOver('2')\" class=\"pefkimap-button \" \r\n\t\t\t\t\tstyle=\"top:10%; left:84%;\"><i class=\"fas fa-map-marker-alt\"><\/i><div class=\"pefkimap-label pefkimap-label-links\">\r\n\t\t\t\t\tBikini Beach Bar<\/div><\/a><a href=\"javascript:void(0);\" onClick=\"openPopOver('3')\" class=\"pefkimap-button \" \r\n\t\t\t\t\tstyle=\"top:13.6%; left:91.5%;\"><i class=\"fas fa-map-marker-alt\"><\/i><div class=\"pefkimap-label pefkimap-label-rechts\">\r\n\t\t\t\t\tAkropolis von Rhodos<\/div><\/a><a href=\"javascript:void(0);\" onClick=\"openPopOver('4')\" class=\"pefkimap-button \" \r\n\t\t\t\t\tstyle=\"top:18.6%; left:60.8%;\"><i class=\"fas fa-map-marker-alt\"><\/i><div class=\"pefkimap-label pefkimap-label-links\">\r\n\t\t\t\t\tFlughafen Rhodos        <\/div><\/a><a href=\"javascript:void(0);\" onClick=\"openPopOver('5')\" class=\"pefkimap-button \" \r\n\t\t\t\t\tstyle=\"top:22.8%; left:60.8%;\"><i class=\"fas fa-map-marker-alt\"><\/i><div class=\"pefkimap-label pefkimap-label-rechts\">\r\n\t\t\t\t\tSchmetterlingstal        <\/div><\/a><a href=\"javascript:void(0);\" onClick=\"openPopOver('6')\" class=\"pefkimap-button \" \r\n\t\t\t\t\tstyle=\"top:25.6%; left:36.8%;\"><i class=\"fas fa-map-marker-alt\"><\/i><div class=\"pefkimap-label pefkimap-label-links\">\r\n\t\t\t\t\tKameiros        <\/div><\/a><a href=\"javascript:void(0);\" onClick=\"openPopOver('7')\" class=\"pefkimap-button \" \r\n\t\t\t\t\tstyle=\"top:26.6%; left:86.5%;\"><i class=\"fas fa-map-marker-alt\"><\/i><div class=\"pefkimap-label pefkimap-label-rechts\">\r\n\t\t\t\t\tThermen von Kalithea        <\/div><\/a><a href=\"javascript:void(0);\" onClick=\"openPopOver('8')\" class=\"pefkimap-button \" \r\n\t\t\t\t\tstyle=\"top:36.5%; left:77.1%;\"><i class=\"fas fa-map-marker-alt\"><\/i><div class=\"pefkimap-label pefkimap-label-rechts\">\r\n\t\t\t\t\tSieben Quellen        <\/div><\/a><a href=\"javascript:void(0);\" onClick=\"openPopOver('9')\" class=\"pefkimap-button \" \r\n\t\t\t\t\tstyle=\"top:40.5%; left:80.5%;\"><i class=\"fas fa-map-marker-alt\"><\/i><div class=\"pefkimap-label pefkimap-label-rechts\">\r\n\t\t\t\t\tTsambika Strand<\/div><\/a><a href=\"javascript:void(0);\" onClick=\"openPopOver('10')\" class=\"pefkimap-button \" \r\n\t\t\t\t\tstyle=\"top:40.5%; left:21.4%;\"><i class=\"fas fa-map-marker-alt\"><\/i><div class=\"pefkimap-label pefkimap-label-links\">\r\n\t\t\t\t\tKopria Strand<\/div><\/a><a href=\"javascript:void(0);\" onClick=\"openPopOver('11')\" class=\"pefkimap-button \" \r\n\t\t\t\t\tstyle=\"top:45.5%; left:19%;\"><i class=\"fas fa-map-marker-alt\"><\/i><div class=\"pefkimap-label pefkimap-label-links\">\r\n\t\t\t\t\tKritinia Burg <\/div><\/a><a href=\"javascript:void(0);\" onClick=\"openPopOver('12')\" class=\"pefkimap-button \" \r\n\t\t\t\t\tstyle=\"top:57.5%; left:66%;\"><i class=\"fas fa-map-marker-alt\"><\/i><div class=\"pefkimap-label pefkimap-label-rechts\">\r\n\t\t\t\t\tKalathos        <\/div><\/a><a href=\"javascript:void(0);\" onClick=\"openPopOver('13')\" class=\"pefkimap-button \" \r\n\t\t\t\t\tstyle=\"top:61.5%; left:66.1%;\"><i class=\"fas fa-map-marker-alt\"><\/i><div class=\"pefkimap-label pefkimap-label-links\">\r\n\t\t\t\t\tLindos        <\/div><\/a><a href=\"javascript:void(0);\" onClick=\"openPopOver('14')\" class=\"pefkimap-button pefkimap-button-groot\" \r\n\t\t\t\t\tstyle=\"top:66.6%; left:66.1%;\"><i class=\"fas fa-map-marker-alt\"><\/i><div class=\"pefkimap-label pefkimap-label-rechts\">\r\n\t\t\t\t\tPearl of Pefki        <\/div><\/a><a href=\"javascript:void(0);\" onClick=\"openPopOver('15')\" class=\"pefkimap-button \" \r\n\t\t\t\t\tstyle=\"top:66.4%; left:62.4%;\"><i class=\"fas fa-map-marker-alt\"><\/i><div class=\"pefkimap-label pefkimap-label-links\">\r\n\t\t\t\t\tLee Strand<\/div><\/a><a href=\"javascript:void(0);\" onClick=\"openPopOver('16')\" class=\"pefkimap-button \" \r\n\t\t\t\t\tstyle=\"top:72.4%; left:45.1%;\"><i class=\"fas fa-map-marker-alt\"><\/i><div class=\"pefkimap-label pefkimap-label-links\">\r\n\t\t\t\t\tGennadi        <\/div><\/a><a href=\"javascript:void(0);\" onClick=\"openPopOver('17')\" class=\"pefkimap-button \" \r\n\t\t\t\t\tstyle=\"top:97.1%; left:16.5%;\"><i class=\"fas fa-map-marker-alt\"><\/i><div class=\"pefkimap-label pefkimap-label-rechts\">\r\n\t\t\t\t\tPrasonisi<\/div><\/a><\/div><\/div><div class=\"popover-contents\"><div id=\"perfki-popover-1\"><img decoding=\"async\" src=\"https:\/\/www.pearlofpefki.com\/wp-content\/uploads\/Rhodos-town.jpg\" class=\"popover-paneel-image\" onClick=\"closePopOver();\"\/><div class=\"popover-paneel-inner\"><h3>Rhodos-Stadt<\/h3><h4><i class=\"fas fa-car\"><\/i> 40 min von der Villa entfernt<\/h4><br\/><p>Die Altstadt von Rhodos mit ihren mittelalterlichen Geb\u00e4uden und Mauern ist ein absolutes Muss: Hier finden Sie Museen, gem\u00fctliche Restaurants und h\u00fcbsche Gesch\u00e4fte direkt neben dem modernen Shoppingviertel.<\/p>\n<\/div><\/div><div id=\"perfki-popover-2\"><img decoding=\"async\" src=\"https:\/\/www.pearlofpefki.com\/wp-content\/uploads\/Bikini-Beach.jpg\" class=\"popover-paneel-image\" onClick=\"closePopOver();\"\/><div class=\"popover-paneel-inner\"><h3>Ilalisos<\/h3><h4><i class=\"fas fa-car\"><\/i> 60 min von der Villa entfernt<\/h4><br\/><p>Dieser sch\u00f6ne Ort bietet einen herrlichen Blick auf die K\u00fcste von Rhodos-Stadt bei einem gem\u00fctlichen Drink oder Snack. Hier l\u00e4sst es sich ein paar Stunden oder den ganzen Tag auf einer Strandliege (Kieselstrand) entspannen. Hier ist es wie im Paradies! Mit Bedienung an Ihrer Strandliege.<\/p>\n<\/div><\/div><div id=\"perfki-popover-3\"><img decoding=\"async\" src=\"https:\/\/www.pearlofpefki.com\/wp-content\/uploads\/Acrapolis-Rhodes.jpg\" class=\"popover-paneel-image\" onClick=\"closePopOver();\"\/><div class=\"popover-paneel-inner\"><h3>Akropolis von Rhodos<\/h3><h4><i class=\"fas fa-car\"><\/i> 45 min von der Villa entfernt<\/h4><br\/><p>Eine Besichtigung dieser ber\u00fchmten Ruinen einer antiken Siedlung mit mehreren Geb\u00e4uden, u. a. einem Stadion und einem Theater, l\u00e4sst sich perfekt mit einem Besuch in der Stadt kombinieren.<\/p>\n<\/div><\/div><div id=\"perfki-popover-4\"><img decoding=\"async\" src=\"https:\/\/www.pearlofpefki.com\/wp-content\/uploads\/Airport.jpg\" class=\"popover-paneel-image\" onClick=\"closePopOver();\"\/><div class=\"popover-paneel-inner\"><h3>Flughafen Rhodos Diagoras        <\/h3><h4><i class=\"fas fa-car\"><\/i> 40 min von der Villa entfernt<\/h4><br\/><p>Ihr Ankunfts- und Abfahrtsort!<\/p>\n<\/div><\/div><div id=\"perfki-popover-5\"><img decoding=\"async\" src=\"https:\/\/www.pearlofpefki.com\/wp-content\/uploads\/Vlindervallei.jpg\" class=\"popover-paneel-image\" onClick=\"closePopOver();\"\/><div class=\"popover-paneel-inner\"><h3>Schmetterlingstal        <\/h3><h4><i class=\"fas fa-car\"><\/i> 60 min von der Villa entfernt     <\/h4><br\/><p>Herrliches Naturgebiet mit B\u00e4chen, Wasserf\u00e4llen und Br\u00fccken.<br \/>\nIm Juni, Juli und August flattern hier Tausende von Schmetterlingen herum, und das Tal ist angenehm k\u00fchl. Der Spaziergang durch das Naturgebiet ist etwa 3 km lang, nicht anspruchsvoll, aber man muss gut zu Fu\u00df sein.<\/p>\n<\/div><\/div><div id=\"perfki-popover-6\"><img decoding=\"async\" src=\"https:\/\/www.pearlofpefki.com\/wp-content\/uploads\/Kamiros.jpg\" class=\"popover-paneel-image\" onClick=\"closePopOver();\"\/><div class=\"popover-paneel-inner\"><h3>Kameiros        <\/h3><h4><i class=\"fas fa-car\"><\/i> 70 min von der Villa entfernt<\/h4><br\/><p>Diese Stadt wurde im 2. Jahrhundert verlassen. Seit 1852 f\u00fchren Arch\u00e4ologen Ausgrabungen durch und erforschen die Geschichte der Stadt. Jetzt kann man wieder auf den Stra\u00dfen von Kameiros spazieren gehen. Wenn Sie in die Stadt kommen, f\u00e4llt Ihr Blick als erstes auf den Apollo-Tempel.<\/p>\n<\/div><\/div><div id=\"perfki-popover-7\"><img decoding=\"async\" src=\"https:\/\/www.pearlofpefki.com\/wp-content\/uploads\/Kalithea-Springs.jpg\" class=\"popover-paneel-image\" onClick=\"closePopOver();\"\/><div class=\"popover-paneel-inner\"><h3>Thermen von Kalithea        <\/h3><h4><i class=\"fas fa-car\"><\/i> 30 min von der Villa entfernt<\/h4><br\/><p>Besuchen Sie diese wundersch\u00f6ne Bucht mit attraktiven Bauten und herrlicher Aussicht und entspannen Sie sich auf luxuri\u00f6sen Strandliegen mit Bedienung.<br \/>\nKommen Sie fr\u00fch morgens, sonst sind die besten Pl\u00e4tze schon vergeben.<\/p>\n<\/div><\/div><div id=\"perfki-popover-8\"><img decoding=\"async\" src=\"https:\/\/www.pearlofpefki.com\/wp-content\/uploads\/Zeven-bronnen.jpg\" class=\"popover-paneel-image\" onClick=\"closePopOver();\"\/><div class=\"popover-paneel-inner\"><h3>Sieben Quellen        <\/h3><h4><i class=\"fas fa-car\"><\/i> 35 min von der Villa entfernt<\/h4><br\/><p>In diesem sch\u00f6nen Naturgebiet sprudelt reines Wasser direkt aus mehreren Quellen.<br \/>\nBei der lustigen Abenteuerwanderung (auch f\u00fcr Kinder) muss auch ein bisschen geklettert und gekraxelt werden.<\/p>\n<\/div><\/div><div id=\"perfki-popover-9\"><img decoding=\"async\" src=\"https:\/\/www.pearlofpefki.com\/wp-content\/uploads\/Tsampika.jpg\" class=\"popover-paneel-image\" onClick=\"closePopOver();\"\/><div class=\"popover-paneel-inner\"><h3>Tsambika Strand<\/h3><h4><i class=\"fas fa-car\"><\/i> 35 min von der Villa entfernt<\/h4><br\/><p>Einer der sch\u00f6nsten Sandstr\u00e4nde f\u00fcr einen Tagesausflug. Essen, Getr\u00e4nke, Bootsverleih, Wasserspa\u00df \u2013 hier gibt es alles, was das Herz begehrt.<\/p>\n<p>Parken k\u00f6nnen Sie am ganzen Strand entlang. Jetzt m\u00fcssen Sie sich nur noch f\u00fcr eine Strandbar entscheiden.<br \/>\nGanz am Ende des Strandes gibt es einen FKK-Bereich.<\/p>\n<\/div><\/div><div id=\"perfki-popover-10\"><img decoding=\"async\" src=\"https:\/\/www.pearlofpefki.com\/wp-content\/uploads\/Kopria-Beach.jpg\" class=\"popover-paneel-image\" onClick=\"closePopOver();\"\/><div class=\"popover-paneel-inner\"><h3>Kopria Strand<\/h3><h4><i class=\"fas fa-car\"><\/i> 70 min von der Villa entfernt<\/h4><br\/><p>Ein Tag am Strand \u2013 aber ein bisschen anders?<br \/>\nUm in die kleine Bucht (mit nur wenigen Sonnenliegen) zu gelangen, muss man einige Stufen \u00fcberwinden. Ein Bistro ist vorhanden.<\/p>\n<\/div><\/div><div id=\"perfki-popover-11\"><img decoding=\"async\" src=\"https:\/\/www.pearlofpefki.com\/wp-content\/uploads\/Kritinia-Castle.jpg\" class=\"popover-paneel-image\" onClick=\"closePopOver();\"\/><div class=\"popover-paneel-inner\"><h3>Kritinia Burg<\/h3><h4><i class=\"fas fa-car\"><\/i> 70 min von der Villa entfernt<\/h4><br\/><p>Die gut erhaltene Burg wurde 1472 zum Schutz vor Angriffen erbaut und ist jetzt \u00fcber eine schmale Asphaltstra\u00dfe erreichbar.<br \/>\nVon hier aus er\u00f6ffnet sich ein atemberaubender Blick auf die Westk\u00fcste von Rhodos.<br \/>\nGerne k\u00f6nnen Sie hier auch auf einer Caf\u00e9-Terrasse Platz nehmen.<\/p>\n<\/div><\/div><div id=\"perfki-popover-12\"><img decoding=\"async\" src=\"https:\/\/www.pearlofpefki.com\/wp-content\/uploads\/Kalathos.jpg\" class=\"popover-paneel-image\" onClick=\"closePopOver();\"\/><div class=\"popover-paneel-inner\"><h3>Kalathos        <\/h3><h4><i class=\"fas fa-car\"><\/i> 10 min von der Villa entfernt<\/h4><br\/><p>Kalathos ist ein Badeort an der Ostk\u00fcste von Rhodos.<br \/>\nViele Touristen verbringen hier ihren Urlaub, denn die zentrale Lage macht es zu einem idealen Ausgangspunkt, um die Insel von einem Aufenthalt in einem Luxusresort aus zu erkunden, obwohl das Dorf selbst kein wirkliches Zentrum hat.<br \/>\nKalathos liegt etwas h\u00f6her auf dem H\u00fcgel und \u00fcberblickt den gleichnamigen Strand, einen gro\u00dfen Strand mit einer Gesamtl\u00e4nge von fast 4 km, der mit Kieselsteinen und Sand bedeckt ist.<br \/>\nTeilweise mit einer Taverne und Sonnenliegen mit Sonnenschirmen ausgestattet.<\/p>\n<\/div><\/div><div id=\"perfki-popover-13\"><img decoding=\"async\" src=\"https:\/\/www.pearlofpefki.com\/wp-content\/uploads\/Lindos.jpg\" class=\"popover-paneel-image\" onClick=\"closePopOver();\"\/><div class=\"popover-paneel-inner\"><h3>Lindos        <\/h3><h4><i class=\"fas fa-car\"><\/i> 10 min von der Villa entfernt<\/h4><br\/><p>Ein wei\u00dfes St\u00e4dtchen mit sch\u00f6ner Akropolis, kleinen Gassen und herrlichen Str\u00e4nden.<br \/>\nEin kleiner Imbiss mit Getr\u00e4nk in einer Bar oder in einem traditionellen stimmungsvollen Caf\u00e9 sind hier sehr zu empfehlen. Ein Taxi bringt Sie in k\u00fcrzester Zeit dorthin und wieder zur\u00fcck \u2013 so haben Sie keine Parkplatzsorgen.<br \/>\nAnsonsten sollten Sie fr\u00fch aufbrechen, um noch problemlos parken zu k\u00f6nnen, denn das k\u00f6nnte sp\u00e4ter am Tag schwierig werden.<\/p>\n<\/div><\/div><div id=\"perfki-popover-14\"><img decoding=\"async\" src=\"https:\/\/www.pearlofpefki.com\/wp-content\/uploads\/pearl-of-pefki.jpg\" class=\"popover-paneel-image\" onClick=\"closePopOver();\"\/><div class=\"popover-paneel-inner\"><h3>Pefkos und die Villa        <\/h3><p>Ihr Standort f\u00fcr diesen Urlaub!<\/p>\n<p>Das Heimatdorf der \u201ePearl of Pefki\u201c.<br \/>\nHier gibt es einen Strand, Gesch\u00e4fte, eine B\u00e4ckerei mit besonders leckerem Brot und Geb\u00e4ck, viele Restaurants und nette Bars.<\/p>\n<\/div><\/div><div id=\"perfki-popover-15\"><img decoding=\"async\" src=\"https:\/\/www.pearlofpefki.com\/wp-content\/uploads\/Lee-Beach.jpg\" class=\"popover-paneel-image\" onClick=\"closePopOver();\"\/><div class=\"popover-paneel-inner\"><h3>Lee Strand<\/h3><h4><i class=\"fas fa-car\"><\/i> 7 min von der Villa entfernt<\/h4><br\/><p>Der Hauptstrand von Pefkos mit der Lee Beach Bar ganz in der N\u00e4he ist zu Fu\u00df erreichbar, so dass Sie f\u00fcr einen Drink und Imbiss gar nicht weit gehen m\u00fcssen.<br \/>\nAn der Stra\u00dfe zum Strand gibt es auch alle m\u00f6glichen Restaurants und Gesch\u00e4fte, hier gibt es viel zu sehen.<\/p>\n<\/div><\/div><div id=\"perfki-popover-16\"><img decoding=\"async\" src=\"https:\/\/www.pearlofpefki.com\/wp-content\/uploads\/Gennadi.jpg\" class=\"popover-paneel-image\" onClick=\"closePopOver();\"\/><div class=\"popover-paneel-inner\"><h3>Gennadi        <\/h3><h4><i class=\"fas fa-car\"><\/i> 25 min von der Villa entfernt<\/h4><br\/><p>Gennadi ist eines der gr\u00f6\u00dften D\u00f6rfer der Insel.<br \/>\nGennadi ist 20 km von Lindos und 60 km von Rhodos-Stadt entfernt.<br \/>\nIm und um den Ortskern gibt es zahlreiche Gesch\u00e4fte, Caf\u00e9s und gute Restaurants, alle Arten von Hotels und Wohnungen.<br \/>\nEs hat wundersch\u00f6ne organisierte Sand- oder Kieselstr\u00e4nde und es gibt viele M\u00f6glichkeiten, verschiedene Wassersportarten auszu\u00fcben.<\/p>\n<\/div><\/div><div id=\"perfki-popover-17\"><img decoding=\"async\" src=\"https:\/\/www.pearlofpefki.com\/wp-content\/uploads\/Prasonissi.jpg\" class=\"popover-paneel-image\" onClick=\"closePopOver();\"\/><div class=\"popover-paneel-inner\"><h3>Prasonisi        <\/h3><h4><i class=\"fas fa-car\"><\/i> 50 min von der Villa entfernt     <\/h4><br\/><p>Diese Halbinsel ist ausgesprochen beliebt. In den Sommermonaten ist das Eiland \u00fcber einen schmalen Sandstreifen von Rhodos aus erreichbar. Auf beiden Seiten k\u00f6nnen Sie zum Schwimmen ins Meer gehen.<br \/>\nAuch bei Wassersportlern sehr beliebt!<\/p>\n<\/div><\/div><\/div><\/div>\n\t\t\t\t\t\t<\/div>\n\t\t\t\t<\/div>\n\t\t\t\t\t<\/div>\n\t\t<\/div>\n\t\t\t\t\t<\/div>\n\t\t<\/section>\n\t\t\t\t<\/div>\n\t\t","protected":false},"excerpt":{"rendered":"","protected":false},"author":1,"featured_media":0,"parent":0,"menu_order":0,"comment_status":"closed","ping_status":"closed","template":"","meta":{"_acf_changed":false,"footnotes":""},"class_list":["post-12092","page","type-page","status-publish","hentry"],"acf":[],"yoast_head":"<!-- This site is optimized with the Yoast SEO plugin v27.4 - https:\/\/yoast.com\/product\/yoast-seo-wordpress\/ -->\n<title>Die Umgebung - Pearl of Pefki<\/title>\n<meta name=\"robots\" content=\"index, follow, max-snippet:-1, max-image-preview:large, max-video-preview:-1\" \/>\n<link rel=\"canonical\" href=\"https:\/\/www.pearlofpefki.com\/de\/die-umgebung\/\" \/>\n<meta property=\"og:locale\" content=\"de_DE\" \/>\n<meta property=\"og:type\" content=\"article\" \/>\n<meta property=\"og:title\" content=\"Die Umgebung - Pearl of Pefki\" \/>\n<meta property=\"og:url\" content=\"https:\/\/www.pearlofpefki.com\/de\/die-umgebung\/\" \/>\n<meta property=\"og:site_name\" content=\"Pearl of Pefki\" \/>\n<meta property=\"article:modified_time\" content=\"2023-09-07T10:50:24+00:00\" \/>\n<meta name=\"twitter:card\" content=\"summary_large_image\" \/>\n<meta name=\"twitter:label1\" content=\"Gesch\u00e4tzte Lesezeit\" \/>\n\t<meta name=\"twitter:data1\" content=\"1\u00a0Minute\" \/>\n<script type=\"application\/ld+json\" class=\"yoast-schema-graph\">{\"@context\":\"https:\\\/\\\/schema.org\",\"@graph\":[{\"@type\":\"WebPage\",\"@id\":\"https:\\\/\\\/www.pearlofpefki.com\\\/de\\\/die-umgebung\\\/\",\"url\":\"https:\\\/\\\/www.pearlofpefki.com\\\/de\\\/die-umgebung\\\/\",\"name\":\"Die Umgebung - Pearl of Pefki\",\"isPartOf\":{\"@id\":\"https:\\\/\\\/www.pearlofpefki.com\\\/#website\"},\"datePublished\":\"2017-03-08T10:38:14+00:00\",\"dateModified\":\"2023-09-07T10:50:24+00:00\",\"breadcrumb\":{\"@id\":\"https:\\\/\\\/www.pearlofpefki.com\\\/de\\\/die-umgebung\\\/#breadcrumb\"},\"inLanguage\":\"de\",\"potentialAction\":[{\"@type\":\"ReadAction\",\"target\":[\"https:\\\/\\\/www.pearlofpefki.com\\\/de\\\/die-umgebung\\\/\"]}]},{\"@type\":\"BreadcrumbList\",\"@id\":\"https:\\\/\\\/www.pearlofpefki.com\\\/de\\\/die-umgebung\\\/#breadcrumb\",\"itemListElement\":[{\"@type\":\"ListItem\",\"position\":1,\"name\":\"Home\",\"item\":\"https:\\\/\\\/www.pearlofpefki.com\\\/el\\\/\"},{\"@type\":\"ListItem\",\"position\":2,\"name\":\"Die Umgebung\"}]},{\"@type\":\"WebSite\",\"@id\":\"https:\\\/\\\/www.pearlofpefki.com\\\/#website\",\"url\":\"https:\\\/\\\/www.pearlofpefki.com\\\/\",\"name\":\"Pearl of Pefki\",\"description\":\"\",\"publisher\":{\"@id\":\"https:\\\/\\\/www.pearlofpefki.com\\\/#organization\"},\"potentialAction\":[{\"@type\":\"SearchAction\",\"target\":{\"@type\":\"EntryPoint\",\"urlTemplate\":\"https:\\\/\\\/www.pearlofpefki.com\\\/?s={search_term_string}\"},\"query-input\":{\"@type\":\"PropertyValueSpecification\",\"valueRequired\":true,\"valueName\":\"search_term_string\"}}],\"inLanguage\":\"de\"},{\"@type\":\"Organization\",\"@id\":\"https:\\\/\\\/www.pearlofpefki.com\\\/#organization\",\"name\":\"Pearl of Pefki\",\"url\":\"https:\\\/\\\/www.pearlofpefki.com\\\/\",\"logo\":{\"@type\":\"ImageObject\",\"inLanguage\":\"de\",\"@id\":\"https:\\\/\\\/www.pearlofpefki.com\\\/#\\\/schema\\\/logo\\\/image\\\/\",\"url\":\"https:\\\/\\\/www.pearlofpefki.com\\\/wp-content\\\/uploads\\\/logo-1.svg\",\"contentUrl\":\"https:\\\/\\\/www.pearlofpefki.com\\\/wp-content\\\/uploads\\\/logo-1.svg\",\"caption\":\"Pearl of Pefki\"},\"image\":{\"@id\":\"https:\\\/\\\/www.pearlofpefki.com\\\/#\\\/schema\\\/logo\\\/image\\\/\"}}]}<\/script>\n<!-- \/ Yoast SEO plugin. -->","yoast_head_json":{"title":"Die Umgebung - Pearl of Pefki","robots":{"index":"index","follow":"follow","max-snippet":"max-snippet:-1","max-image-preview":"max-image-preview:large","max-video-preview":"max-video-preview:-1"},"canonical":"https:\/\/www.pearlofpefki.com\/de\/die-umgebung\/","og_locale":"de_DE","og_type":"article","og_title":"Die Umgebung - Pearl of Pefki","og_url":"https:\/\/www.pearlofpefki.com\/de\/die-umgebung\/","og_site_name":"Pearl of Pefki","article_modified_time":"2023-09-07T10:50:24+00:00","twitter_card":"summary_large_image","twitter_misc":{"Gesch\u00e4tzte Lesezeit":"1\u00a0Minute"},"schema":{"@context":"https:\/\/schema.org","@graph":[{"@type":"WebPage","@id":"https:\/\/www.pearlofpefki.com\/de\/die-umgebung\/","url":"https:\/\/www.pearlofpefki.com\/de\/die-umgebung\/","name":"Die Umgebung - Pearl of Pefki","isPartOf":{"@id":"https:\/\/www.pearlofpefki.com\/#website"},"datePublished":"2017-03-08T10:38:14+00:00","dateModified":"2023-09-07T10:50:24+00:00","breadcrumb":{"@id":"https:\/\/www.pearlofpefki.com\/de\/die-umgebung\/#breadcrumb"},"inLanguage":"de","potentialAction":[{"@type":"ReadAction","target":["https:\/\/www.pearlofpefki.com\/de\/die-umgebung\/"]}]},{"@type":"BreadcrumbList","@id":"https:\/\/www.pearlofpefki.com\/de\/die-umgebung\/#breadcrumb","itemListElement":[{"@type":"ListItem","position":1,"name":"Home","item":"https:\/\/www.pearlofpefki.com\/el\/"},{"@type":"ListItem","position":2,"name":"Die Umgebung"}]},{"@type":"WebSite","@id":"https:\/\/www.pearlofpefki.com\/#website","url":"https:\/\/www.pearlofpefki.com\/","name":"Pearl of Pefki","description":"","publisher":{"@id":"https:\/\/www.pearlofpefki.com\/#organization"},"potentialAction":[{"@type":"SearchAction","target":{"@type":"EntryPoint","urlTemplate":"https:\/\/www.pearlofpefki.com\/?s={search_term_string}"},"query-input":{"@type":"PropertyValueSpecification","valueRequired":true,"valueName":"search_term_string"}}],"inLanguage":"de"},{"@type":"Organization","@id":"https:\/\/www.pearlofpefki.com\/#organization","name":"Pearl of Pefki","url":"https:\/\/www.pearlofpefki.com\/","logo":{"@type":"ImageObject","inLanguage":"de","@id":"https:\/\/www.pearlofpefki.com\/#\/schema\/logo\/image\/","url":"https:\/\/www.pearlofpefki.com\/wp-content\/uploads\/logo-1.svg","contentUrl":"https:\/\/www.pearlofpefki.com\/wp-content\/uploads\/logo-1.svg","caption":"Pearl of Pefki"},"image":{"@id":"https:\/\/www.pearlofpefki.com\/#\/schema\/logo\/image\/"}}]}},"_links":{"self":[{"href":"https:\/\/www.pearlofpefki.com\/de\/wp-json\/wp\/v2\/pages\/12092","targetHints":{"allow":["GET"]}}],"collection":[{"href":"https:\/\/www.pearlofpefki.com\/de\/wp-json\/wp\/v2\/pages"}],"about":[{"href":"https:\/\/www.pearlofpefki.com\/de\/wp-json\/wp\/v2\/types\/page"}],"author":[{"embeddable":true,"href":"https:\/\/www.pearlofpefki.com\/de\/wp-json\/wp\/v2\/users\/1"}],"replies":[{"embeddable":true,"href":"https:\/\/www.pearlofpefki.com\/de\/wp-json\/wp\/v2\/comments?post=12092"}],"version-history":[{"count":7,"href":"https:\/\/www.pearlofpefki.com\/de\/wp-json\/wp\/v2\/pages\/12092\/revisions"}],"predecessor-version":[{"id":12250,"href":"https:\/\/www.pearlofpefki.com\/de\/wp-json\/wp\/v2\/pages\/12092\/revisions\/12250"}],"wp:attachment":[{"href":"https:\/\/www.pearlofpefki.com\/de\/wp-json\/wp\/v2\/media?parent=12092"}],"curies":[{"name":"wp","href":"https:\/\/api.w.org\/{rel}","templated":true}]}}